{"id":19,"date":"2026-02-26T21:39:19","date_gmt":"2026-02-26T20:39:19","guid":{"rendered":"https:\/\/micromarket.com.ar\/?page_id=19"},"modified":"2026-03-26T21:25:19","modified_gmt":"2026-03-26T20:25:19","slug":"home","status":"publish","type":"page","link":"https:\/\/micromarket.com.ar\/","title":{"rendered":"Home"},"content":{"rendered":"<div class=\"wpb-content-wrapper\"><p>[vc_row][vc_column][vc_raw_html css=\u00bb.vc_custom_1773257069738{border-color: #FFFFFF !important;}\u00bb]JTVCc21hcnRzbGlkZXIzJTIwc2xpZGVyJTNEJTIyMiUyMiU1RA==[\/vc_raw_html][\/vc_column][\/vc_row][vc_row content_aligment=\u00bbcenter\u00bb css=\u00bb.vc_custom_1773686389555{background-color: #F5F5F5 !important;}\u00bb][vc_column][vc_column_text css=\u00bb.vc_custom_1773158737444{margin-top: 30px !important;margin-bottom: 0px !important;}\u00bb]<\/p>\n<h4 style=\"text-align: center;\"><span style=\"color: #273347;\">ALIMENTOS, SERVICIO Y EXPERIENCIA CON LA TECNOLOG\u00cdA M\u00c1S AVANZADA.<\/span><\/h4>\n<p>[\/vc_column_text]<a href=\"mailto:pablo@hoofdorp.com.ar\" target=\"_self\" style=\"color: #FFFFFF;background-color: #EB3636;font-weight: 400;margin: 15px 0px 30px 0px\" class=\"qodef-btn qodef-btn-small qodef-btn-solid qodef-btn-custom-hover-bg qodef-btn-custom-hover-color qodef-btn-icon\" data-hover-bg-color=\"#273347\" data-hover-color=\"#FFFFFF\" >\n    <span class=\"qodef-btn-text\">Contactanos<\/span>\n    <i class=\"qodef-icon-font-awesome fa fa-chevron-right \" ><\/i><\/a>[\/vc_column][\/vc_row][vc_row css=\u00bb.vc_custom_1773158972994{background-color: #F5F5F5 !important;}\u00bb el_id=\u00bbmodulos\u00bb][vc_column][vc_empty_space height=\u00bb60px\u00bb][vc_row_inner content_width=\u00bbgrid\u00bb][vc_column_inner][vc_column_text css=\u00bb.vc_custom_1773151399838{margin-bottom: 15px !important;}\u00bb]<\/p>\n<h2>Armamos el Micromarket perfecto para tu oficina.<\/h2>\n<p>[\/vc_column_text][vc_column_text css=\u00bb.vc_custom_1772822608109{margin-bottom: 45px !important;}\u00bb]<\/p>\n<h4 data-path-to-node=\"0\">Desde estaciones de caf\u00e9 hasta heladeras de ensaladas, armamos tu market sumando los m\u00f3dulos que prefieras. Un sistema flexible que se adapta perfectamente a tu equipo.<\/h4>\n<p>[\/vc_column_text][\/vc_column_inner][\/vc_row_inner][vc_row_inner content_width=\u00bbgrid\u00bb][vc_column_inner width=\u00bb1\/4&#8243; css=\u00bb.vc_custom_1772822475360{padding: 15px !important;}\u00bb][vc_single_image image=\u00bb88&#8243; img_size=\u00bbfull\u00bb alignment=\u00bbcenter\u00bb css=\u00bb\u00bb el_class=\u00bbimg-redondeada-top\u00bb][vc_column_text css=\u00bb.vc_custom_1772823111891{padding-top: 45px !important;padding-right: 15px !important;padding-left: 15px !important;background-color: #EB3636 !important;}\u00bb]<\/p>\n<h3><span style=\"color: #ffffff;\">Caf\u00e9<\/span><\/h3>\n<p>[\/vc_column_text][vc_column_text css=\u00bb.vc_custom_1772823098161{margin-bottom: 30px !important;padding-top: 15px !important;padding-right: 15px !important;padding-bottom: 15px !important;padding-left: 15px !important;background-color: #EB3636 !important;}\u00bb el_class=\u00bbbox-redondeada-bottom\u00bb]<\/p>\n<h5><span style=\"color: #ffffff;\">T\u00e9 &#8211; Chocolate &#8211; Capuccino<\/span><\/h5>\n<p>[\/vc_column_text][\/vc_column_inner][vc_column_inner width=\u00bb1\/4&#8243; css=\u00bb.vc_custom_1772822571358{border-top-width: 0px !important;border-right-width: 0px !important;border-bottom-width: 0px !important;border-left-width: 0px !important;padding-top: 15px !important;padding-right: 15px !important;padding-bottom: 15px !important;padding-left: 15px !important;border-left-style: solid !important;border-right-style: solid !important;border-top-style: solid !important;border-bottom-style: solid !important;border-color: #FFFFFF !important;}\u00bb][vc_single_image image=\u00bb142&#8243; img_size=\u00bbfull\u00bb alignment=\u00bbcenter\u00bb css=\u00bb\u00bb el_class=\u00bbimg-redondeada-top\u00bb][vc_column_text css=\u00bb.vc_custom_1772823152596{padding-top: 45px !important;padding-right: 15px !important;padding-left: 15px !important;background-color: #EB3636 !important;}\u00bb]<\/p>\n<h3><span style=\"color: #ffffff;\">Snacks<\/span><\/h3>\n<p>[\/vc_column_text][vc_column_text css=\u00bb.vc_custom_1772823172613{margin-bottom: 30px !important;padding-top: 15px !important;padding-right: 15px !important;padding-bottom: 15px !important;padding-left: 15px !important;background-color: #EB3636 !important;}\u00bb el_class=\u00bbbox-redondeada-bottom\u00bb]<\/p>\n<h5><span style=\"color: #ffffff;\">Galletitas &#8211; Golosinas<\/span><\/h5>\n<p>[\/vc_column_text][\/vc_column_inner][vc_column_inner width=\u00bb1\/4&#8243; css=\u00bb.vc_custom_1772822630527{padding: 15px !important;}\u00bb][vc_single_image image=\u00bb154&#8243; img_size=\u00bbfull\u00bb alignment=\u00bbcenter\u00bb css=\u00bb\u00bb el_class=\u00bbimg-redondeada-top\u00bb][vc_column_text css=\u00bb.vc_custom_1772823198997{padding-top: 45px !important;padding-right: 15px !important;padding-left: 15px !important;background-color: #EB3636 !important;}\u00bb]<\/p>\n<h3><span style=\"color: #ffffff;\">Bebidas fr\u00edas<\/span><\/h3>\n<p>[\/vc_column_text][vc_column_text css=\u00bb.vc_custom_1772823256445{margin-bottom: 30px !important;padding-top: 15px !important;padding-right: 15px !important;padding-bottom: 15px !important;padding-left: 15px !important;background-color: #EB3636 !important;}\u00bb el_class=\u00bbbox-redondeada-bottom\u00bb]<\/p>\n<h5><span style=\"color: #ffffff;\">Latas &#8211; Botellas &#8211; Tetrapak<\/span><\/h5>\n<p>[\/vc_column_text][\/vc_column_inner][vc_column_inner width=\u00bb1\/4&#8243; css=\u00bb.vc_custom_1772822679106{padding: 15px !important;}\u00bb][vc_single_image image=\u00bb86&#8243; img_size=\u00bbfull\u00bb alignment=\u00bbcenter\u00bb css=\u00bb\u00bb el_class=\u00bbimg-redondeada-top\u00bb][vc_column_text css=\u00bb.vc_custom_1772823277375{padding-top: 45px !important;padding-right: 15px !important;padding-left: 15px !important;background-color: #EB3636 !important;}\u00bb]<\/p>\n<h3><span style=\"color: #ffffff;\">Frescos<\/span><\/h3>\n<p>[\/vc_column_text][vc_column_text css=\u00bb.vc_custom_1772823287111{margin-bottom: 30px !important;padding-top: 15px !important;padding-right: 15px !important;padding-bottom: 15px !important;padding-left: 15px !important;background-color: #EB3636 !important;}\u00bb el_class=\u00bbbox-redondeada-bottom\u00bb]<\/p>\n<h5><span style=\"color: #ffffff;\">Ensaladas &#8211; Frutas<\/span><\/h5>\n<p>[\/vc_column_text][\/vc_column_inner][\/vc_row_inner][vc_empty_space height=\u00bb60px\u00bb][\/vc_column][\/vc_row][vc_row el_id=\u00bbIA\u00bb][vc_column][vc_empty_space height=\u00bb60px\u00bb][vc_row_inner content_width=\u00bbgrid\u00bb css=\u00bb.vc_custom_1773154440470{margin-bottom: 15px !important;}\u00bb][vc_column_inner][vc_column_text css=\u00bb.vc_custom_1773687866181{margin-bottom: 20px !important;}\u00bb]<\/p>\n<h2>M\u00f3dulos inteligentes: personalizaci\u00f3n y eficiencia.<\/h2>\n<p>[\/vc_column_text][\/vc_column_inner][\/vc_row_inner][vc_row_inner content_width=\u00bbgrid\u00bb][vc_column_inner width=\u00bb2\/3&#8243;][vc_raw_html css=\u00bb.vc_custom_1773333969727{margin-bottom: 30px !important;}\u00bb]JTNDZGl2JTIwc3R5bGUlM0QlMjJib3JkZXItcmFkaXVzJTNBJTIwMTVweCUzQiUyMG92ZXJmbG93JTNBJTIwaGlkZGVuJTNCJTIwbGluZS1oZWlnaHQlM0ElMjAwJTNCJTIyJTNFJTBBJTA5JTVCYXlyb192aWRlb19hdXRvJTIwdXJsJTNEJTIyaHR0cHMlM0ElMkYlMkZtaWNyb21hcmtldC5jb20uYXIlMkZ3cC1jb250ZW50JTJGdXBsb2FkcyUyRjIwMjYlMkYwMyUyRklBLTcyMC5tcDQlMjIlNUQlMEElM0MlMkZkaXYlM0U=[\/vc_raw_html][\/vc_column_inner][vc_column_inner width=\u00bb1\/3&#8243;][vc_column_text css=\u00bb.vc_custom_1773161072703{margin-bottom: 15px !important;}\u00bb]<\/p>\n<h4>Implementamos inteligencia artificial para coordinar el abastecimiento y el gasto energ\u00e9tico de forma simult\u00e1nea. El sistema predice la demanda, <span style=\"color: #eb3636;\">reduce traslados log\u00edsticos<\/span> innecesarios y <span style=\"color: #eb3636;\">regula la potencia el\u00e9ctrica<\/span> en momentos de inactividad.<\/h4>\n<p>[\/vc_column_text][vc_column_text css=\u00bb\u00bb]<\/p>\n<h4>Estas soluciones t\u00e9cnicas garantizan productos siempre disponibles mientras <span style=\"color: #eb3636;\">disminuyen dr\u00e1sticamente la huella de carbono<\/span> corporativa.<\/h4>\n<p>[\/vc_column_text]<a href=\"mailto:pablo@hoofdorp.com.ar\" target=\"_self\" style=\"color: #FFFFFF;background-color: #EB3636;font-weight: 400;margin: 30px 0px 30px 0px\" class=\"qodef-btn qodef-btn-small qodef-btn-solid qodef-btn-custom-hover-bg qodef-btn-custom-hover-color qodef-btn-icon\" data-hover-bg-color=\"#273347\" data-hover-color=\"#FFFFFF\" >\n    <span class=\"qodef-btn-text\">Contactanos<\/span>\n    <i class=\"qodef-icon-font-awesome fa fa-chevron-right \" ><\/i><\/a>[\/vc_column_inner][\/vc_row_inner][vc_empty_space height=\u00bb60px\u00bb][\/vc_column][\/vc_row][vc_row css=\u00bb.vc_custom_1773159023949{background-color: #F5F5F5 !important;}\u00bb el_id=\u00bbque-hacemos\u00bb][vc_column][vc_empty_space height=\u00bb60px\u00bb][vc_row_inner content_width=\u00bbgrid\u00bb][vc_column_inner width=\u00bb1\/3&#8243;][vc_column_text css=\u00bb.vc_custom_1772550389366{margin-bottom: 30px !important;}\u00bb]<\/p>\n<h2>\u00bfQu\u00e9 podemos hacer para tu empresa?<\/h2>\n<p>[\/vc_column_text][vc_column_text css=\u00bb\u00bb]<\/p>\n<h4 data-path-to-node=\"0\">Combinamos <span style=\"color: #eb3636;\">tecnolog\u00eda de vanguardia<\/span>, dise\u00f1o estrat\u00e9gico y un profundo conocimiento del consumidor para transformar tu espacio de trabajo.<\/h4>\n<p>[\/vc_column_text]<a href=\"mailto:pablo@hoofdorp.com.ar\" target=\"_self\" style=\"color: #FFFFFF;background-color: #EB3636;font-weight: 400;margin: 30px 0px 30px 0px\" class=\"qodef-btn qodef-btn-small qodef-btn-solid qodef-btn-custom-hover-bg qodef-btn-custom-hover-color qodef-btn-icon\" data-hover-bg-color=\"#273347\" data-hover-color=\"#FFFFFF\" >\n    <span class=\"qodef-btn-text\">Contactanos<\/span>\n    <i class=\"qodef-icon-font-awesome fa fa-chevron-right \" ><\/i><\/a>[\/vc_column_inner][vc_column_inner width=\u00bb1\/3&#8243; css=\u00bb.vc_custom_1772823477187{border-top-width: 15px !important;border-right-width: 15px !important;border-bottom-width: 15px !important;border-left-width: 15px !important;padding-top: 20px !important;padding-right: 20px !important;padding-bottom: 25px !important;padding-left: 20px !important;background-color: #FFFFFF !important;border-left-style: solid !important;border-right-style: solid !important;border-top-style: solid !important;border-bottom-style: solid !important;border-radius: 30px !important;border-color: #F5F5F5 !important;}\u00bb]\n    <span class=\"qodef-icon-shortcode circle qodef-icon-tiny\" style=\"margin: 0px 0px 30px 0px\" data-color=\"#FFFFFF\">\n        \n        <i class=\"qodef-icon-font-awesome fa fa-columns qodef-icon-element\" style=\"color: #FFFFFF\" ><\/i>\n            <\/span>\n\n[vc_column_text css=\u00bb.vc_custom_1772554757619{margin-bottom: 20px !important;}\u00bb]<\/p>\n<h3>Sistemas de dise\u00f1o modular<\/h3>\n<p>[\/vc_column_text][vc_column_text css=\u00bb\u00bb]<\/p>\n<h4>Ofrecemos servicios en m\u00faltiples l\u00edneas de negocio, que incluyen micromercados, vending tradicional, caf\u00e9 de especialidad, servicios de despensa y gastronom\u00eda.<\/h4>\n<p>[\/vc_column_text][\/vc_column_inner][vc_column_inner width=\u00bb1\/3&#8243; css=\u00bb.vc_custom_1772823492884{border-top-width: 15px !important;border-right-width: 15px !important;border-bottom-width: 15px !important;border-left-width: 15px !important;padding-top: 20px !important;padding-right: 20px !important;padding-bottom: 25px !important;padding-left: 20px !important;background-color: #FFFFFF !important;border-left-style: solid !important;border-right-style: solid !important;border-top-style: solid !important;border-bottom-style: solid !important;border-radius: 30px !important;border-color: #F5F5F5 !important;}\u00bb]\n    <span class=\"qodef-icon-shortcode circle qodef-icon-tiny\" style=\"margin: 0px 0px 30px 0px\" data-color=\"#FFFFFF\">\n        \n        <i class=\"qodef-icon-font-awesome fa fa-star qodef-icon-element\" style=\"color: #FFFFFF\" ><\/i>\n            <\/span>\n\n[vc_column_text css=\u00bb.vc_custom_1772554540285{margin-bottom: 20px !important;}\u00bb]<\/p>\n<h3>20 a\u00f1os de experiencia<\/h3>\n<p>[\/vc_column_text][vc_column_text css=\u00bb\u00bb]<\/p>\n<h4>Nuestra especializaci\u00f3n en distribuci\u00f3n de alimentos y bebidas permite el dise\u00f1o de experiencias de consumo \u00f3ptimas en entornos laborales de alta demanda operativa.<\/h4>\n<p>[\/vc_column_text][\/vc_column_inner][\/vc_row_inner][vc_row_inner content_width=\u00bbgrid\u00bb][vc_column_inner width=\u00bb1\/3&#8243;][\/vc_column_inner][vc_column_inner width=\u00bb1\/3&#8243; css=\u00bb.vc_custom_1772823502876{border-top-width: 15px !important;border-right-width: 15px !important;border-bottom-width: 15px !important;border-left-width: 15px !important;padding-top: 20px !important;padding-right: 20px !important;padding-bottom: 25px !important;padding-left: 20px !important;background-color: #FFFFFF !important;border-left-style: solid !important;border-right-style: solid !important;border-top-style: solid !important;border-bottom-style: solid !important;border-radius: 30px !important;border-color: #F5F5F5 !important;}\u00bb]\n    <span class=\"qodef-icon-shortcode circle qodef-icon-tiny\" style=\"margin: 0px 0px 30px 0px\" data-color=\"#FFFFFF\">\n        \n        <i class=\"qodef-icon-font-awesome fa fa-credit-card qodef-icon-element\" style=\"color: #FFFFFF\" ><\/i>\n            <\/span>\n\n[vc_column_text css=\u00bb.vc_custom_1772554536488{margin-bottom: 20px !important;}\u00bb]<\/p>\n<h3>Diferentes formas de pago<\/h3>\n<p>[\/vc_column_text][vc_column_text css=\u00bb\u00bb]<\/p>\n<h4>Implementamos sistemas digitales y tarjetas para que la compra sea \u00e1gil, c\u00f3moda, sencilla y cree un entorno de distensi\u00f3n para sus colaboradores y visitas.<\/h4>\n<p>[\/vc_column_text][\/vc_column_inner][vc_column_inner width=\u00bb1\/3&#8243; css=\u00bb.vc_custom_1772823511518{border-top-width: 15px !important;border-right-width: 15px !important;border-bottom-width: 15px !important;border-left-width: 15px !important;padding-top: 20px !important;padding-right: 20px !important;padding-bottom: 25px !important;padding-left: 20px !important;background-color: #FFFFFF !important;border-left-style: solid !important;border-right-style: solid !important;border-top-style: solid !important;border-bottom-style: solid !important;border-radius: 30px !important;border-color: #F5F5F5 !important;}\u00bb]\n    <span class=\"qodef-icon-shortcode circle qodef-icon-tiny\" style=\"margin: 0px 0px 30px 0px\" data-color=\"#FFFFFF\">\n        \n        <i class=\"qodef-icon-font-awesome fa fa-refresh qodef-icon-element\" style=\"color: #FFFFFF\" ><\/i>\n            <\/span>\n\n[vc_column_text css=\u00bb.vc_custom_1772554577288{margin-bottom: 20px !important;}\u00bb]<\/p>\n<h3>Service y reposici\u00f3n 24\/7<\/h3>\n<p>[\/vc_column_text][vc_column_text css=\u00bb\u00bb]<\/p>\n<h4>Aseguramos continuidad operativa con soporte t\u00e9cnico y reposici\u00f3n de stock constante para que las estaciones funcionen sin interrupciones ni demoras.<\/h4>\n<p>[\/vc_column_text][\/vc_column_inner][\/vc_row_inner][vc_empty_space height=\u00bb60px\u00bb][\/vc_column][\/vc_row][vc_row css=\u00bb.vc_custom_1773158676502{background-color: #FFFFFF !important;border-radius: 30px !important;border-color: #F5F5F5 !important;}\u00bb][vc_column][vc_row_inner content_width=\u00bbgrid\u00bb css=\u00bb.vc_custom_1772552844265{margin-top: 60px !important;margin-bottom: 60px !important;}\u00bb][vc_column_inner width=\u00bb1\/2&#8243; css=\u00bb.vc_custom_1772139358274{margin-right: 30px !important;}\u00bb][vc_column_text css=\u00bb.vc_custom_1772139179404{margin-bottom: 30px !important;}\u00bb]<\/p>\n<h2>\u00a1Pedinos un presupuesto!<\/h2>\n<p>[\/vc_column_text][vc_raw_html css=\u00bb\u00bb]JTVCd3Bmb3JtcyUyMGlkJTNEJTIyNDElMjIlNUQ=[\/vc_raw_html][\/vc_column_inner][vc_column_inner width=\u00bb1\/2&#8243;][vc_single_image image=\u00bb151&#8243; img_size=\u00bbfull\u00bb alignment=\u00bbcenter\u00bb css_animation=\u00bbfadeIn\u00bb css=\u00bb.vc_custom_1774544780802{border-radius: 30px !important;}\u00bb el_class=\u00bbredondeada\u00bb][\/vc_column_inner][\/vc_row_inner][\/vc_column][\/vc_row][vc_row css=\u00bb.vc_custom_1773160504072{background-color: #273347 !important;}\u00bb][vc_column][vc_empty_space height=\u00bb60px\u00bb][vc_row_inner content_width=\u00bbgrid\u00bb][vc_column_inner width=\u00bb1\/4&#8243;][vc_single_image image=\u00bb12&#8243; img_size=\u00bbmedium\u00bb css=\u00bb\u00bb][vc_single_image image=\u00bb122&#8243; img_size=\u00bb105&#215;105&#8243; css=\u00bb.vc_custom_1773161491529{margin-top: 15px !important;margin-bottom: 0px !important;}\u00bb][\/vc_column_inner][vc_column_inner width=\u00bb1\/4&#8243;][\/vc_column_inner][vc_column_inner width=\u00bb1\/4&#8243;][vc_column_text css=\u00bb.vc_custom_1773161191033{margin-top: 30px !important;margin-bottom: 20px !important;}\u00bb]<\/p>\n<h6><a href=\"#modulos\">M\u00f3dulos<\/a><\/h6>\n<p>[\/vc_column_text][vc_column_text css=\u00bb.vc_custom_1773160951768{margin-bottom: 20px !important;}\u00bb]<\/p>\n<h6><a href=\"#que-hacemos\">\u00bfQu\u00e9 hacemos?<\/a><\/h6>\n<p>[\/vc_column_text][vc_column_text css=\u00bb.vc_custom_1773160981764{margin-bottom: 20px !important;}\u00bb]<\/p>\n<h6><a href=\"#IA\">IA aplicada<\/a><\/h6>\n<p>[\/vc_column_text][\/vc_column_inner][vc_column_inner width=\u00bb1\/4&#8243;]<a href=\"mailto:pablo@hoofdorp.com.ar\" target=\"_self\" style=\"color: #FFFFFF;background-color: #EB3636;font-weight: 400;margin: 30px 0px 30px 0px\" class=\"qodef-btn qodef-btn-small qodef-btn-solid qodef-btn-custom-hover-bg qodef-btn-custom-hover-color qodef-btn-icon\" data-hover-bg-color=\"#273347\" data-hover-color=\"#FFFFFF\" >\n    <span class=\"qodef-btn-text\">Contactanos<\/span>\n    <i class=\"qodef-icon-font-awesome fa fa-chevron-right \" ><\/i><\/a>[\/vc_column_inner][\/vc_row_inner][vc_empty_space height=\u00bb60px\u00bb][\/vc_column][\/vc_row]<\/p>\n<\/div>","protected":false},"excerpt":{"rendered":"<p>[vc_row][vc_column][vc_raw_html css=\u00bb.vc_custom_1773257069738{border-color: #FFFFFF !important;}\u00bb]JTVCc21hcnRzbGlkZXIzJTIwc2xpZGVyJTNEJTIyMiUyMiU1RA==[\/vc_raw_html][\/vc_column][\/vc_row][vc_row content_aligment=\u00bbcenter\u00bb css=\u00bb.vc_custom_1773686389555{background-color: #F5F5F5 !important;}\u00bb][vc_column][vc_column_text css=\u00bb.vc_custom_1773158737444{margin-top: 30px !important;margin-bottom: 0px !important;}\u00bb] ALIMENTOS, SERVICIO Y EXPERIENCIA CON LA TECNOLOG\u00cdA M\u00c1S AVANZADA. [\/vc_column_text][\/vc_column][\/vc_row][vc_row css=\u00bb.vc_custom_1773158972994{background-color: #F5F5F5 !important;}\u00bb el_id=\u00bbmodulos\u00bb][vc_column][vc_empty_space height=\u00bb60px\u00bb][vc_row_inner content_width=\u00bbgrid\u00bb][vc_column_inner][vc_column_text css=\u00bb.vc_custom_1773151399838{margin-bottom: 15px !important;}\u00bb] Armamos el Micromarket perfecto para tu oficina. [\/vc_column_text][vc_column_text css=\u00bb.vc_custom_1772822608109{margin-bottom: 45px !important;}\u00bb] Desde estaciones&#8230;<\/p>\n","protected":false},"author":3,"featured_media":0,"parent":0,"menu_order":0,"comment_status":"closed","ping_status":"closed","template":"full-width.php","meta":{"footnotes":""},"class_list":["post-19","page","type-page","status-publish","hentry"],"_links":{"self":[{"href":"https:\/\/micromarket.com.ar\/index.php\/wp-json\/wp\/v2\/pages\/19","targetHints":{"allow":["GET"]}}],"collection":[{"href":"https:\/\/micromarket.com.ar\/index.php\/wp-json\/wp\/v2\/pages"}],"about":[{"href":"https:\/\/micromarket.com.ar\/index.php\/wp-json\/wp\/v2\/types\/page"}],"author":[{"embeddable":true,"href":"https:\/\/micromarket.com.ar\/index.php\/wp-json\/wp\/v2\/users\/3"}],"replies":[{"embeddable":true,"href":"https:\/\/micromarket.com.ar\/index.php\/wp-json\/wp\/v2\/comments?post=19"}],"version-history":[{"count":64,"href":"https:\/\/micromarket.com.ar\/index.php\/wp-json\/wp\/v2\/pages\/19\/revisions"}],"predecessor-version":[{"id":155,"href":"https:\/\/micromarket.com.ar\/index.php\/wp-json\/wp\/v2\/pages\/19\/revisions\/155"}],"wp:attachment":[{"href":"https:\/\/micromarket.com.ar\/index.php\/wp-json\/wp\/v2\/media?parent=19"}],"curies":[{"name":"wp","href":"https:\/\/api.w.org\/{rel}","templated":true}]}}